{"id":3,"date":"2019-06-28T12:00:09","date_gmt":"2019-06-28T12:00:09","guid":{"rendered":"https:\/\/bsselektra.ee\/?page_id=3"},"modified":"2024-06-20T08:12:31","modified_gmt":"2024-06-20T08:12:31","slug":"privaatsustingimused","status":"publish","type":"page","link":"https:\/\/bsselektra.ee\/ru\/privaatsustingimused\/","title":{"rendered":"Privaatsustingimused"},"content":{"rendered":"[et_pb_section fb_built=&#8221;1&#8243; admin_label=&#8221;section&#8221; _builder_version=&#8221;3.22.3&#8243;][et_pb_row admin_label=&#8221;row&#8221; _builder_version=&#8221;3.25&#8243; background_size=&#8221;initial&#8221; background_position=&#8221;top_left&#8221; background_repeat=&#8221;repeat&#8221;][et_pb_column type=&#8221;4_4&#8243; _builder_version=&#8221;3.25&#8243; custom_padding=&#8221;|||&#8221; custom_padding__hover=&#8221;|||&#8221;][et_pb_text admin_label=&#8221;Text&#8221; _builder_version=&#8221;3.0.74&#8243; background_size=&#8221;initial&#8221; background_position=&#8221;top_left&#8221; background_repeat=&#8221;repeat&#8221;]\n<\/p>\n<p>Kehtivad alates 01.06.2024<\/p>\n<p>Privaatsustingimused reguleerivad isikuandmete t\u00f6\u00f6tlemist ja k\u00fcpsiste kasutamist BSS Elektra O\u00dc (edaspidi BSS Elektra) veebilehel https:\/\/bsselektra.ee (edaspidi veebileht).<\/p>\n<h3 class=\"wp-block-heading\"><strong>M\u00d5ISTED<\/strong><\/h3>\n<p>Isikuandmete t\u00f6\u00f6tlemine on igasugune veebilehe kasutaja (edaspidi kasutaja) isikuandmetega tehtav tegevus \u2013 andmete kogumine, t\u00f6\u00f6tlemine, talletamine, parandamine v\u00f5i kustutamine.<\/p>\n<p>Kasutajad on k\u00f5ik isikud, kes k\u00fclastavad veebilehte, tarbivad teenuseid v\u00f5i edastavad BSS Elektra-le omalt poolt infot. N\u00e4iteks artiklite lugemine, teenuste tellimine v\u00f5i BSS Elektra-ga meili teel \u00fchenduse v\u00f5tmine.<\/p>\n<p>Teenused on k\u00f5ik BSS Elektra poolt pakutavad tasuta ja tasulised tooted ja teenused.<\/p>\n<h3><strong>ISIKUANDMETE T\u00d6\u00d6TLEMINE<\/strong><\/h3>\n<p>Veebilehte kasutades annab kasutaja n\u00f5usoleku oma andmete t\u00f6\u00f6tlemiseks koosk\u00f5las k\u00e4esolevate privaatsustingimustega.<\/p>\n<p>BSS Elektra kogub veebilehe kaudu allj\u00e4rgnevaid kasutajate isikuandmeid j\u00e4rgnevalt kirjeldatud viisidel:<\/p>\n<ul>\n<li>kasutaja e-posti aadress \u2013 kasutaja liitumisel meililistiga v\u00f5i e-kirja saatmisel;<\/li>\n<li>kasutaja nimi ja e-posti aadress \u2013 kasutaja poolt infop\u00e4ringu tegemisel;<\/li>\n<\/ul>\n<p>veebilehe k\u00fclastatavuse statistika \u2013 Google Analyticsi, Facebook Pixeli abil.<\/p>\n<h3><strong>ISIKUANDMETE KASUTAMINE<\/strong><\/h3>\n<p>BSS Elektra kasutab isikuandmeid:<\/p>\n<p>kasutajale teenuse osutamiseks, n\u00e4iteks lepingu s\u00f5lmimiseks ja t\u00e4itmiseks, kasutajaga suhtlemiseks, arvete edastamiseks;<\/p>\n<p>kasutaja e-posti aadressile teavituste saatmiseks uutest artiklitest, teenustest ja kampaaniatest, kuid seda vaid kasutaja eelneval n\u00f5usolekul.<\/p>\n<p>BSS Elektra kasutab veebilehe k\u00fclastatavuse statistikat veebilehe kasutajakogemuse parendamiseks ja efektiivsemaks turundamiseks.<\/p>\n<p>Kasutajal on igal ajal \u00f5igus keelata oma isikuandmete t\u00f6\u00f6tlemine, v\u00e4lja arvatud juhul, kui see on vajalik lepingust tuleneva n\u00f5ude t\u00e4itmiseks, sh teenuse osutamiseks.<\/p>\n<h3><strong>ISIKUANDMETE EDASTAMINE KOLMANDATELE ISIKUTELE<\/strong><\/h3>\n<p>Kolmas isik on BSS Elektra lepingupartner, kes t\u00f6\u00f6tleb isikuandmeid ja kelle toote v\u00f5i teenuse abil pakub BSS Elektra kasutajale teenuseid.<\/p>\n<p>BSS Elektra v\u00f5ib igap\u00e4evaseks tegevuseks kasutada kolmandaid isikuid, kes pakuvad:<\/p>\n<ul>\n<li>e-mailide edastamise ja haldamise s\u00fcsteemi,<\/li>\n<li>veebilehe majutust,<\/li>\n<li>veebilehe kasutusstatistika anal\u00fc\u00fcsi,<\/li>\n<li>sotsiaalmeedia kasutamist ja sotsiaalmeedia statistika anal\u00fc\u00fcsi,<\/li>\n<li>raamatupidamistarkvara kasutamist.<\/li>\n<\/ul>\n<p>Lisaks eelnevas punktis nimetatud kolmandatele isikutele, edastab BSS Elektra kasutaja isikuandmeid koost\u00f6\u00f6partneritele. Seda vaid ulatuses, mis on vajalik kasutajale teenuse osutamiseks.<\/p>\n<h3><strong>ISIKUANDMETE S\u00c4ILITAMINE JA TURVALISUS<\/strong><\/h3>\n<p>BSS Elektra s\u00e4ilitab isikuandmeid nii kaua, kuni see on eesm\u00e4rgi t\u00e4itmiseks v\u00f5i seadusest tulenevalt vajalik. N\u00e4iteks raamatupidamisandmeid s\u00e4ilitatakse 7 aastat majandusaasta l\u00f5ppemisest, meililistis olevat e-maili aadressi aga seni, kuni kasutaja avaldab soovi see sealt eemaldada.<\/p>\n<p>BSS Elektra rakendab k\u00f5iki m\u00f5istlikke meetmeid t\u00f6\u00f6deldavate isikuandmete kaitseks. Juurdep\u00e4\u00e4s isikuandmete muutmiseks ja t\u00f6\u00f6tlemiseks on ainult selleks volitatud isikutel ning k\u00f5ikide kasutajate isikuandmeid k\u00e4sitletakse kui konfidentsiaalset informatsiooni.<\/p>\n<h3><strong>KASUTAJA \u00d5IGUSED<\/strong><\/h3>\n<p>Kasutajal on \u00f5igus igal ajal:<\/p>\n<ul>\n<li>avaldada soovi juurdep\u00e4\u00e4suks enda andmetele;<\/li>\n<li>n\u00f5uda isikuandmete parandamist, t\u00e4iendamist v\u00f5i seaduses etten\u00e4htud tingimustel kustutamist;<\/li>\n<li>n\u00f5uda isikuandmete t\u00f6\u00f6tlemise piiramist;<\/li>\n<li>n\u00f5uda isikuandmete \u00fclekandmist.<\/li>\n<\/ul>\n<p>Oma \u00f5iguste kasutamiseks tuleb kasutajal saata e-posti aadressile info@bsselektra.ee vastavasisuline sooviavaldus.<\/p>\n<p>Kui kasutaja kuulub BSS Elektra meililisti, on tal v\u00f5imalik kustutada end meililisti nimekirjast ja loobuda edasistest kirjadest e-kirja l\u00f5pus oleva lingi kaudu.<\/p>\n<p>K\u00fcpsiste kasutamise piiramiseks saab kasutaja teha vastavad valikud oma veebilehitseja seadete alt.<\/p>\n<p>Kui Kasutaja usub, et tema \u00f5igusi on isikuandmete t\u00f6\u00f6tlemisel rikutud, on tal \u00f5igus p\u00f6\u00f6rduda Andmekaitse Inspektsiooni poole.<\/p>\n<h3><strong>K\u00dcPSISED<\/strong><\/h3>\n<p>BSS Elektra veebilehel kasutatakse k\u00fcpsiseid, eesm\u00e4rgiga tagada parem kasutajakogemus ja efektiivsem turundustegevus ning koguda kasutusstatistikat.<\/p>\n<p>Kasutades BSS Elektra veebilehte, n\u00f5ustub kasutaja k\u00fcpsiste kasutamisega k\u00e4esolevas korras kirjeldatud viisil.<\/p>\n<p>K\u00fcpsis on v\u00e4ike tekstifail, mille veebilehitseja automaatselt kasutaja poolt kasutatavasse seadmesse salvestab. K\u00fcpsised v\u00f5ivad olla loodud erinevate teenusepakkujate poolt, n\u00e4iteks Google ja Facebook. K\u00fcpsisefailid ei ole arvuti jaoks ohtlikud.<\/p>\n<p>K\u00fcpsiseid on kahte t\u00fc\u00fcpi:<\/p>\n<ul>\n<li>P\u00fcsivaid k\u00fcpsiseid, mis j\u00e4\u00e4vad kasutaja arvutis olevasse k\u00fcpsiste faili p\u00fcsivalt. Neid v\u00f5idakse kasutada n\u00e4iteks kasutaja kui veebilehe korduvk\u00fclastaja \u00e4ratundmiseks ja veebilehe sisu kohandamiseks vastavalt kasutaja vajadustele v\u00f5i statistiliste andmete kogumiseks.<\/li>\n<li>Seansik\u00fcpsised on ajutised ja kaovad, kui kasutaja veebilehelt lahkub v\u00f5i oma veebilehitseja sulgeb. Seansik\u00fcpsiseid v\u00f5idakse kasutada veebilehe teatud funktsioonide, n\u00e4iteks teenuse v\u00f5i toote taotlemise jms v\u00f5imaldamiseks.<\/li>\n<\/ul>\n<p>K\u00fcpsiseid kasutatakse teabe kogumiseks selle kohta, kuidas veebilehte kasutatakse, et seda kasutajatele isiklikumaks ja kasutajas\u00f5bralikumaks muuta. Lisaks aitavad k\u00fcpsised koguda kasutajastatistikat, mis v\u00f5imaldab m\u00f5\u00f5ta ja parandada veebilehe toimivust ning annab alusandmed, et viia l\u00e4bi efektiivne turundustegevus.<\/p>\n<p>Kasutaja loetakse k\u00fcpsistega n\u00f5ustunuks, kui tema veebilehitseja seadistustes on k\u00fcpsised lubatud. Tihtipeale veebilehitsejad lubavad vaikimisi k\u00fcpsisefailide s\u00e4ilitamist seadmesse. Kasutaja v\u00f5ib oma seadmes k\u00fcpsiste kasutamise \u00e4ra keelata v\u00f5i need kustutada, muutes oma veebilehitseja vastavaid seadeid. K\u00fcpsiste mittekasutamisel ei pruugi veebileht korrektselt t\u00f6\u00f6tada. Juhiseid brauserist k\u00fcpsiste kustutamiseks ja seadistamiseks leiab n\u00e4iteks siit: Chrome, Internet Explorer.<\/p>\n<p>Kasutusstatistika kogumiseks kasutab BSS Elektra Google Analytics teenust, kogudes andmeid k\u00fclastatud alalehtede, k\u00fclastusaja, k\u00fclastuste arvu, kasutatavate seadmete, sisenemiskanalite ja muu statistika kohta.<\/p>\n<p>Google Analytics v\u00f5ib siiski koguda andmeid kasutajate aktiivsuse kohta ka ilma k\u00fcpsisefaile kasutamata. Selleks, et Google Analytics ei saaks andmeid kasutada, saab kasutaja paigaldada oma seadmesse Google Analytics\u2019i blokeeriva rakenduse: Google Analyticsist loobumise brauserilaiend.<\/p>\n<p>J\u00e4rgnevate linkide kaudu leiab rohkem informatsiooni Facebooki reklaamide ja Facebook Pixel kohta.<\/p>\n<h3><strong>PRIVAATSUSTINGIMUSTE MUUTMINE<\/strong><\/h3>\n<p>BSS Elektra j\u00e4tab endale \u00f5iguse muuta privaatsustingimusi \u00fchepoolselt ja ette teatamata, eesm\u00e4rgiga kindlustada nende vastavus seadustele. Privaatsustingimused on oma uusimas versioonis alati veebilehel saadaval.<\/p>\n<p>K\u00f5igi privaatsustingimuste ja andmet\u00f6\u00f6tluse kohta tekkivate k\u00fcsimustega palume v\u00f5tta meiega \u00fchendust aadressil info@bsselektra.ee.<\/p>\n<p>&nbsp;<\/p>\n<p>\n\n\n<\/p>[\/et_pb_text][\/et_pb_column][\/et_pb_row][\/et_pb_section]","protected":false},"excerpt":{"rendered":"<p>[et_pb_section fb_built=&#8221;1&#8243; admin_label=&#8221;section&#8221; _builder_version=&#8221;3.22.3&#8243;][et_pb_row admin_label=&#8221;row&#8221; _builder_version=&#8221;3.25&#8243; background_size=&#8221;initial&#8221; background_position=&#8221;top_left&#8221; background_repeat=&#8221;repeat&#8221;][et_pb_column type=&#8221;4_4&#8243; _builder_version=&#8221;3.25&#8243; custom_padding=&#8221;|||&#8221; custom_padding__hover=&#8221;|||&#8221;][et_pb_text admin_label=&#8221;Text&#8221; _builder_version=&#8221;3.0.74&#8243; background_size=&#8221;initial&#8221; background_position=&#8221;top_left&#8221; background_repeat=&#8221;repeat&#8221;] Kehtivad alates 01.06.2024 Privaatsustingimused reguleerivad isikuandmete t\u00f6\u00f6tlemist ja k\u00fcpsiste kasutamist BSS Elektra O\u00dc (edaspidi BSS Elektra) veebilehel https:\/\/bsselektra.ee (edaspidi veebileht). M\u00d5ISTED Isikuandmete t\u00f6\u00f6tlemine on igasugune veebilehe kasutaja (edaspidi kasutaja) isikuandmetega tehtav tegevus \u2013 andmete kogumine, t\u00f6\u00f6tlemine, talletamine, [&hellip;]<\/p>\n","protected":false},"author":1,"featured_media":0,"parent":0,"menu_order":0,"comment_status":"closed","ping_status":"open","template":"","meta":{"_et_pb_use_builder":"on","_et_pb_old_content":"<!-- wp:heading -->\r\n<h2>Who we are<\/h2>\r\n<!-- \/wp:heading -->\r\n\r\n<!-- wp:paragraph -->\r\n<p>Our website address is: https:\/\/bsselektra.ee.<\/p>\r\n<!-- \/wp:paragraph -->\r\n\r\n<!-- wp:heading -->\r\n<h2>What personal data we collect and why we collect it<\/h2>\r\n<!-- \/wp:heading -->\r\n\r\n<!-- wp:heading {\"level\":3} -->\r\n<h3>Comments<\/h3>\r\n<!-- \/wp:heading -->\r\n\r\n<!-- wp:paragraph -->\r\n<p>When visitors leave comments on the site we collect the data shown in the comments form, and also the visitor\u2019s IP address and browser user agent string to help spam detection.<\/p>\r\n<!-- \/wp:paragraph -->\r\n\r\n<!-- wp:paragraph -->\r\n<p>An anonymized string created from your email address (also called a hash) may be provided to the Gravatar service to see if you are using it. The Gravatar service privacy policy is available here: https:\/\/automattic.com\/privacy\/. After approval of your comment, your profile picture is visible to the public in the context of your comment.<\/p>\r\n<!-- \/wp:paragraph -->\r\n\r\n<!-- wp:heading {\"level\":3} -->\r\n<h3>Media<\/h3>\r\n<!-- \/wp:heading -->\r\n\r\n<!-- wp:paragraph -->\r\n<p>If you upload images to the website, you should avoid uploading images with embedded location data (EXIF GPS) included. Visitors to the website can download and extract any location data from images on the website.<\/p>\r\n<!-- \/wp:paragraph -->\r\n\r\n<!-- wp:heading {\"level\":3} -->\r\n<h3>Contact forms<\/h3>\r\n<!-- \/wp:heading -->\r\n\r\n<!-- wp:heading {\"level\":3} -->\r\n<h3>Cookies<\/h3>\r\n<!-- \/wp:heading -->\r\n\r\n<!-- wp:paragraph -->\r\n<p>If you leave a comment on our site you may opt-in to saving your name, email address and website in cookies. These are for your convenience so that you do not have to fill in your details again when you leave another comment. These cookies will last for one year.<\/p>\r\n<!-- \/wp:paragraph -->\r\n\r\n<!-- wp:paragraph -->\r\n<p>If you visit our login page, we will set a temporary cookie to determine if your browser accepts cookies. This cookie contains no personal data and is discarded when you close your browser.<\/p>\r\n<!-- \/wp:paragraph -->\r\n\r\n<!-- wp:paragraph -->\r\n<p>When you log in, we will also set up several cookies to save your login information and your screen display choices. Login cookies last for two days, and screen options cookies last for a year. If you select \"Remember Me\", your login will persist for two weeks. If you log out of your account, the login cookies will be removed.<\/p>\r\n<!-- \/wp:paragraph -->\r\n\r\n<!-- wp:paragraph -->\r\n<p>If you edit or publish an article, an additional cookie will be saved in your browser. This cookie includes no personal data and simply indicates the post ID of the article you just edited. It expires after 1 day.<\/p>\r\n<!-- \/wp:paragraph -->\r\n\r\n<!-- wp:heading {\"level\":3} -->\r\n<h3>Embedded content from other websites<\/h3>\r\n<!-- \/wp:heading -->\r\n\r\n<!-- wp:paragraph -->\r\n<p>Articles on this site may include embedded content (e.g. videos, images, articles, etc.). Embedded content from other websites behaves in the exact same way as if the visitor has visited the other website.<\/p>\r\n<!-- \/wp:paragraph -->\r\n\r\n<!-- wp:paragraph -->\r\n<p>These websites may collect data about you, use cookies, embed additional third-party tracking, and monitor your interaction with that embedded content, including tracking your interaction with the embedded content if you have an account and are logged in to that website.<\/p>\r\n<!-- \/wp:paragraph -->\r\n\r\n<!-- wp:heading {\"level\":3} -->\r\n<h3>Analytics<\/h3>\r\n<!-- \/wp:heading -->\r\n\r\n<!-- wp:heading -->\r\n<h2>Who we share your data with<\/h2>\r\n<!-- \/wp:heading -->\r\n\r\n<!-- wp:heading -->\r\n<h2>How long we retain your data<\/h2>\r\n<!-- \/wp:heading -->\r\n\r\n<!-- wp:paragraph -->\r\n<p>If you leave a comment, the comment and its metadata are retained indefinitely. This is so we can recognize and approve any follow-up comments automatically instead of holding them in a moderation queue.<\/p>\r\n<!-- \/wp:paragraph -->\r\n\r\n<!-- wp:paragraph -->\r\n<p>For users that register on our website (if any), we also store the personal information they provide in their user profile. All users can see, edit, or delete their personal information at any time (except they cannot change their username). Website administrators can also see and edit that information.<\/p>\r\n<!-- \/wp:paragraph -->\r\n\r\n<!-- wp:heading -->\r\n<h2>What rights you have over your data<\/h2>\r\n<!-- \/wp:heading -->\r\n\r\n<!-- wp:paragraph -->\r\n<p>If you have an account on this site, or have left comments, you can request to receive an exported file of the personal data we hold about you, including any data you have provided to us. You can also request that we erase any personal data we hold about you. This does not include any data we are obliged to keep for administrative, legal, or security purposes.<\/p>\r\n<!-- \/wp:paragraph -->\r\n\r\n<!-- wp:heading -->\r\n<h2>Where we send your data<\/h2>\r\n<!-- \/wp:heading -->\r\n\r\n<!-- wp:paragraph -->\r\n<p>Visitor comments may be checked through an automated spam detection service.<\/p>\r\n<!-- \/wp:paragraph -->\r\n\r\n<!-- wp:heading -->\r\n<h2>Your contact information<\/h2>\r\n<!-- \/wp:heading -->\r\n\r\n<!-- wp:heading -->\r\n<h2>Additional information<\/h2>\r\n<!-- \/wp:heading -->\r\n\r\n<!-- wp:heading {\"level\":3} -->\r\n<h3>How we protect your data<\/h3>\r\n<!-- \/wp:heading -->\r\n\r\n<!-- wp:heading {\"level\":3} -->\r\n<h3>What data breach procedures we have in place<\/h3>\r\n<!-- \/wp:heading -->\r\n\r\n<!-- wp:heading {\"level\":3} -->\r\n<h3>What third parties we receive data from<\/h3>\r\n<!-- \/wp:heading -->\r\n\r\n<!-- wp:heading {\"level\":3} -->\r\n<h3>What automated decision making and\/or profiling we do with user data<\/h3>\r\n<!-- \/wp:heading -->\r\n\r\n<!-- wp:heading {\"level\":3} -->\r\n<h3>Industry regulatory disclosure requirements<\/h3>\r\n<!-- \/wp:heading -->","_exactmetrics_skip_tracking":false,"_exactmetrics_sitenote_active":false,"_exactmetrics_sitenote_note":"","_exactmetrics_sitenote_category":0,"footnotes":""},"class_list":["post-3","page","type-page","status-publish","hentry"],"_links":{"self":[{"href":"https:\/\/bsselektra.ee\/ru\/wp-json\/wp\/v2\/pages\/3","targetHints":{"allow":["GET"]}}],"collection":[{"href":"https:\/\/bsselektra.ee\/ru\/wp-json\/wp\/v2\/pages"}],"about":[{"href":"https:\/\/bsselektra.ee\/ru\/wp-json\/wp\/v2\/types\/page"}],"author":[{"embeddable":true,"href":"https:\/\/bsselektra.ee\/ru\/wp-json\/wp\/v2\/users\/1"}],"replies":[{"embeddable":true,"href":"https:\/\/bsselektra.ee\/ru\/wp-json\/wp\/v2\/comments?post=3"}],"version-history":[{"count":6,"href":"https:\/\/bsselektra.ee\/ru\/wp-json\/wp\/v2\/pages\/3\/revisions"}],"predecessor-version":[{"id":1527,"href":"https:\/\/bsselektra.ee\/ru\/wp-json\/wp\/v2\/pages\/3\/revisions\/1527"}],"wp:attachment":[{"href":"https:\/\/bsselektra.ee\/ru\/wp-json\/wp\/v2\/media?parent=3"}],"curies":[{"name":"wp","href":"https:\/\/api.w.org\/{rel}","templated":true}]}}