{"id":34,"date":"2019-05-14T14:04:50","date_gmt":"2019-05-14T14:04:50","guid":{"rendered":"https:\/\/volter.ee\/?page_id=34"},"modified":"2019-07-25T10:48:01","modified_gmt":"2019-07-25T10:48:01","slug":"firmast","status":"publish","type":"page","link":"https:\/\/bsselektra.ee\/ru\/firmast\/","title":{"rendered":"\u041e \u0444\u0438\u0440\u043c\u0435"},"content":{"rendered":"<p>[et_pb_section fb_built=&#8221;1&#8243; admin_label=&#8221;Hero Section&#8221; _builder_version=&#8221;3.22.7&#8243; use_background_color_gradient=&#8221;on&#8221; background_color_gradient_start=&#8221;#0c71c3&#8243; background_color_gradient_end=&#8221;#001126&#8243; background_color_gradient_direction=&#8221;103deg&#8221; background_color_gradient_end_position=&#8221;70%&#8221; custom_padding=&#8221;100px|0px|80px|0px||&#8221;][et_pb_row column_structure=&#8221;1_2,1_2&#8243; custom_margin=&#8221;|||&#8221; _builder_version=&#8221;3.25&#8243; background_size=&#8221;initial&#8221; background_position=&#8221;top_left&#8221; background_repeat=&#8221;repeat&#8221;][et_pb_column type=&#8221;1_2&#8243; _builder_version=&#8221;3.25&#8243; custom_padding=&#8221;40px|||&#8221; custom_padding__hover=&#8221;|||&#8221;][et_pb_text _builder_version=&#8221;3.25.3&#8243; text_font=&#8221;PT Sans||||||||&#8221; text_text_color=&#8221;rgba(255,255,255,0.7)&#8221; text_font_size=&#8221;18px&#8221; text_line_height=&#8221;1.8em&#8221; header_font=&#8221;Poppins|700|||||||&#8221; header_text_color=&#8221;#ffffff&#8221; header_font_size=&#8221;65px&#8221; header_letter_spacing=&#8221;3px&#8221; header_line_height=&#8221;1.3em&#8221; header_text_shadow_style=&#8221;preset1&#8243; header_text_shadow_color=&#8221;rgba(255,255,255,0.21)&#8221; header_2_font=&#8221;||||||||&#8221; header_3_font=&#8221;||||||||&#8221; header_4_font=&#8221;||||||||&#8221; custom_margin=&#8221;-55px||&#8221; custom_margin_phone=&#8221;-140px||&#8221; custom_margin_last_edited=&#8221;on|desktop&#8221; header_font_size_phone=&#8221;40px&#8221; header_font_size_last_edited=&#8221;on|phone&#8221;]<\/p>\n<h1>FIRMAST<\/h1>\n<p><a href=\"https:\/\/www.inforegister.ee\/index.php?option=com_krdx_search&amp;view=report&amp;how=10753522&amp;Itemid=79\" onclick=\"javascript:window.open('https:\/\/www.inforegister.ee\/index.php?option=com_krdx_search&amp;view=report&amp;how=10753522&amp;Itemid=79'); return false;\">BSS ELEKTRA O\u00dc<\/a><span>\u00a0asutati<\/span>\u00a0aastal 2001 ning ettev\u00f5tte \u00e4ritegevus kestab t\u00e4naseni.<\/p>\n<p>P\u00f5hilisteks tegevusaladeks on elektri- ja valgustuspaigaldiste ehitus, renoveerimine ja hooldus, n\u00f5rkvoolut\u00f6\u00f6d, ehitustehnika rent.<\/p>\n<p>Meie p\u00f5hilised klientidid on ehitust\u00f6\u00f6de peat\u00f6\u00f6v\u00f5tuga tegelevad ettev\u00f5tted, kinnisvara arendajad ja haldajad, korteri\u00fchistud ning erinevad tootmis- ja kaubandusettev\u00f5ted. Samuti teeme koost\u00f6\u00f6d erinevate riigi- ja kohaliku omavalitsuse asutustega.<br \/> Teenindame ka eraisikutest kliente.\u00a0Lisaks oma p\u00f5hitegevusele pakume oma eraklientidele hobitehnika hoiuteenust, mis on viimasel ajal v\u00e4ga n\u00f5utud.<\/p>\n<p>[\/et_pb_text][\/et_pb_column][et_pb_column type=&#8221;1_2&#8243; _builder_version=&#8221;3.25&#8243; custom_padding=&#8221;|||&#8221; custom_padding__hover=&#8221;|||&#8221;][et_pb_image src=&#8221;https:\/\/bsselektra.ee\/wp-content\/uploads\/2019\/05\/electricity.jpeg&#8221; disabled_on=&#8221;on|off|off&#8221; _builder_version=&#8221;3.25.3&#8243; border_radii=&#8221;on|15px|15px|15px|15px&#8221; border_color_all=&#8221;#ffffff&#8221; box_shadow_style=&#8221;preset1&#8243; box_shadow_horizontal=&#8221;19px&#8221; box_shadow_vertical=&#8221;-4px&#8221; box_shadow_blur=&#8221;41px&#8221; box_shadow_spread=&#8221;8px&#8221; box_shadow_color=&#8221;rgba(255,255,255,0.16)&#8221; max_width=&#8221;100%&#8221; max_width_tablet=&#8221;77%&#8221; max_width_last_edited=&#8221;on|desktop&#8221; module_alignment=&#8221;left&#8221; custom_margin=&#8221;80px||&#8221; custom_margin_phone=&#8221;20px||&#8221; custom_margin_last_edited=&#8221;on|desktop&#8221; custom_padding=&#8221;|0px||0px&#8221; filter_brightness=&#8221;97%&#8221; filter_contrast=&#8221;108%&#8221; animation_style=&#8221;slide&#8221; animation_direction=&#8221;top&#8221; animation_intensity_slide=&#8221;10%&#8221; always_center_on_mobile=&#8221;off&#8221;][\/et_pb_image][\/et_pb_column][\/et_pb_row][\/et_pb_section][et_pb_section fb_built=&#8221;1&#8243; admin_label=&#8221;Footer Section&#8221; _builder_version=&#8221;3.22.7&#8243; use_background_color_gradient=&#8221;on&#8221; background_color_gradient_start=&#8221;rgba(20,61,88,0.65)&#8221; background_color_gradient_end=&#8221;#143d58&#8243; background_color_gradient_overlays_image=&#8221;on&#8221; background_image=&#8221;https:\/\/bsselektra.ee\/wp-content\/uploads\/2019\/05\/casey-horner-574709-unsplash.jpg&#8221; parallax=&#8221;on&#8221; custom_margin=&#8221;-40px|||||&#8221; custom_padding=&#8221;0vw|0px|4vw|0px||&#8221; bottom_divider_style=&#8221;mountains2&#8243; bottom_divider_color=&#8221;rgba(5,41,66,0.3)&#8221; bottom_divider_height=&#8221;50%&#8221; animation_style=&#8221;slide&#8221; animation_direction=&#8221;bottom&#8221; animation_intensity_slide=&#8221;6%&#8221; animation_starting_opacity=&#8221;100%&#8221; saved_tabs=&#8221;all&#8221;][et_pb_row custom_padding=&#8221;|||&#8221; custom_margin=&#8221;-30px|auto||auto||&#8221; admin_label=&#8221;CTA Row&#8221; _builder_version=&#8221;3.25&#8243;][et_pb_column type=&#8221;4_4&#8243; _builder_version=&#8221;3.25&#8243; custom_padding=&#8221;|||&#8221; custom_padding__hover=&#8221;|||&#8221;][et_pb_blurb title=&#8221;BSS Elektra O\u00dc &#8221; image=&#8221;https:\/\/bsselektra.ee\/wp-content\/uploads\/2019\/05\/stars-5.png&#8221; admin_label=&#8221;CTA&#8221; _builder_version=&#8221;3.25.3&#8243; header_font=&#8221;Montserrat||||||||&#8221; header_text_color=&#8221;#a4bccb&#8221; header_font_size=&#8221;26px&#8221; header_line_height=&#8221;1.5em&#8221; body_font=&#8221;Montserrat||||||||&#8221; body_text_align=&#8221;center&#8221; body_font_size=&#8221;24px&#8221; text_orientation=&#8221;center&#8221; background_layout=&#8221;dark&#8221; custom_margin=&#8221;30px|||||&#8221; custom_padding=&#8221;0px||&#8221; animation=&#8221;off&#8221;][\/et_pb_blurb][et_pb_blurb title=&#8221;Reg: 10753522 &#8221; admin_label=&#8221;CTA&#8221; _builder_version=&#8221;3.25.3&#8243; header_font=&#8221;Montserrat||||||||&#8221; header_text_color=&#8221;#a4bccb&#8221; header_font_size=&#8221;26px&#8221; header_line_height=&#8221;1.5em&#8221; body_font=&#8221;Montserrat||||||||&#8221; body_text_align=&#8221;center&#8221; body_font_size=&#8221;24px&#8221; text_orientation=&#8221;center&#8221; background_layout=&#8221;dark&#8221; custom_margin=&#8221;-35px||&#8221; custom_padding=&#8221;0px||&#8221; animation=&#8221;off&#8221;][\/et_pb_blurb][\/et_pb_column][\/et_pb_row][et_pb_row column_structure=&#8221;1_3,1_3,1_3&#8243; custom_padding=&#8221;|||&#8221; custom_margin=&#8221;-30px|auto||auto||&#8221; admin_label=&#8221;CTA Row&#8221; _builder_version=&#8221;3.25&#8243;][et_pb_column type=&#8221;1_3&#8243; _builder_version=&#8221;3.25&#8243; custom_padding=&#8221;|||&#8221; custom_padding__hover=&#8221;|||&#8221;][et_pb_blurb title=&#8221;Aadress: &#8221; admin_label=&#8221;CTA&#8221; _builder_version=&#8221;3.25.3&#8243; header_font=&#8221;Montserrat||||||||&#8221; header_text_color=&#8221;#a4bccb&#8221; header_font_size=&#8221;26px&#8221; header_line_height=&#8221;1.5em&#8221; body_font=&#8221;Montserrat||||||||&#8221; body_text_align=&#8221;center&#8221; body_font_size=&#8221;24px&#8221; body_line_height=&#8221;1.8em&#8221; text_orientation=&#8221;center&#8221; background_layout=&#8221;dark&#8221; custom_margin=&#8221;30px|||||&#8221; custom_padding=&#8221;0px||&#8221; animation=&#8221;off&#8221;]<\/p>\n<p>Suur-S\u00f5jam\u00e4e 48D<br \/> 11415 Tallinn<\/p>\n<p>[\/et_pb_blurb][\/et_pb_column][et_pb_column type=&#8221;1_3&#8243; _builder_version=&#8221;3.25&#8243; custom_padding=&#8221;|||&#8221; custom_padding__hover=&#8221;|||&#8221;][et_pb_blurb title=&#8221;E-mail: &#8221; admin_label=&#8221;CTA&#8221; _builder_version=&#8221;3.25.3&#8243; header_font=&#8221;Montserrat||||||||&#8221; header_text_color=&#8221;#a4bccb&#8221; header_font_size=&#8221;26px&#8221; header_line_height=&#8221;1.5em&#8221; body_font=&#8221;Montserrat||||||||&#8221; body_text_align=&#8221;center&#8221; body_font_size=&#8221;24px&#8221; text_orientation=&#8221;center&#8221; background_layout=&#8221;dark&#8221; custom_margin=&#8221;30px|||||&#8221; custom_padding=&#8221;0px||&#8221; animation=&#8221;off&#8221;]<\/p>\n<p><a href=\"mailto:firma@bsselektra.ee\">firma@bsselektra.ee\u00a0<\/a><\/p>\n<p>&nbsp;<\/p>\n<p>[\/et_pb_blurb][\/et_pb_column][et_pb_column type=&#8221;1_3&#8243; _builder_version=&#8221;3.25&#8243; custom_padding=&#8221;|||&#8221; custom_padding__hover=&#8221;|||&#8221;][et_pb_blurb title=&#8221;Telefon:&#8221; admin_label=&#8221;CTA&#8221; _builder_version=&#8221;3.25.3&#8243; header_font=&#8221;Montserrat||||||||&#8221; header_text_color=&#8221;#a4bccb&#8221; header_font_size=&#8221;26px&#8221; header_line_height=&#8221;1.5em&#8221; body_font=&#8221;Montserrat||||||||&#8221; body_text_align=&#8221;center&#8221; body_font_size=&#8221;24px&#8221; body_line_height=&#8221;1.8em&#8221; text_orientation=&#8221;center&#8221; background_layout=&#8221;dark&#8221; custom_margin=&#8221;30px|||||&#8221; custom_margin_phone=&#8221;0px||0px&#8221; custom_margin_last_edited=&#8221;on|desktop&#8221; custom_padding=&#8221;0px||&#8221; custom_padding_phone=&#8221;||0px&#8221; custom_padding_last_edited=&#8221;on|desktop&#8221; animation=&#8221;off&#8221;]<\/p>\n<p>+372\u00a05030064<\/p>\n<p>[\/et_pb_blurb][\/et_pb_column][\/et_pb_row][\/et_pb_section]<\/p>\n","protected":false},"excerpt":{"rendered":"<p>[et_pb_section fb_built=&#8221;1&#8243; admin_label=&#8221;Hero Section&#8221; _builder_version=&#8221;3.22.7&#8243; use_background_color_gradient=&#8221;on&#8221; background_color_gradient_start=&#8221;#0c71c3&#8243; background_color_gradient_end=&#8221;#001126&#8243; background_color_gradient_direction=&#8221;103deg&#8221; background_color_gradient_end_position=&#8221;70%&#8221; custom_padding=&#8221;100px|0px|80px|0px||&#8221;][et_pb_row column_structure=&#8221;1_2,1_2&#8243; custom_margin=&#8221;|||&#8221; _builder_version=&#8221;3.25&#8243; background_size=&#8221;initial&#8221; background_position=&#8221;top_left&#8221; background_repeat=&#8221;repeat&#8221;][et_pb_column type=&#8221;1_2&#8243; _builder_version=&#8221;3.25&#8243; custom_padding=&#8221;40px|||&#8221; custom_padding__hover=&#8221;|||&#8221;][et_pb_text _builder_version=&#8221;3.25.3&#8243; text_font=&#8221;PT Sans||||||||&#8221; text_text_color=&#8221;rgba(255,255,255,0.7)&#8221; text_font_size=&#8221;18px&#8221; text_line_height=&#8221;1.8em&#8221; header_font=&#8221;Poppins|700|||||||&#8221; header_text_color=&#8221;#ffffff&#8221; header_font_size=&#8221;65px&#8221; header_letter_spacing=&#8221;3px&#8221; header_line_height=&#8221;1.3em&#8221; header_text_shadow_style=&#8221;preset1&#8243; header_text_shadow_color=&#8221;rgba(255,255,255,0.21)&#8221; header_2_font=&#8221;||||||||&#8221; header_3_font=&#8221;||||||||&#8221; header_4_font=&#8221;||||||||&#8221; custom_margin=&#8221;-55px||&#8221; custom_margin_phone=&#8221;-140px||&#8221; custom_margin_last_edited=&#8221;on|desktop&#8221; header_font_size_phone=&#8221;40px&#8221; header_font_size_last_edited=&#8221;on|phone&#8221;] FIRMAST BSS ELEKTRA O\u00dc\u00a0asutati\u00a0aastal 2001 ning ettev\u00f5tte \u00e4ritegevus kestab t\u00e4naseni. P\u00f5hilisteks tegevusaladeks on [&hellip;]<\/p>\n","protected":false},"author":2,"featured_media":0,"parent":0,"menu_order":0,"comment_status":"closed","ping_status":"closed","template":"","meta":{"_et_pb_use_builder":"on","_et_pb_old_content":"","_exactmetrics_skip_tracking":false,"_exactmetrics_sitenote_active":false,"_exactmetrics_sitenote_note":"","_exactmetrics_sitenote_category":0,"footnotes":""},"class_list":["post-34","page","type-page","status-publish","hentry"],"_links":{"self":[{"href":"https:\/\/bsselektra.ee\/ru\/wp-json\/wp\/v2\/pages\/34","targetHints":{"allow":["GET"]}}],"collection":[{"href":"https:\/\/bsselektra.ee\/ru\/wp-json\/wp\/v2\/pages"}],"about":[{"href":"https:\/\/bsselektra.ee\/ru\/wp-json\/wp\/v2\/types\/page"}],"author":[{"embeddable":true,"href":"https:\/\/bsselektra.ee\/ru\/wp-json\/wp\/v2\/users\/2"}],"replies":[{"embeddable":true,"href":"https:\/\/bsselektra.ee\/ru\/wp-json\/wp\/v2\/comments?post=34"}],"version-history":[{"count":12,"href":"https:\/\/bsselektra.ee\/ru\/wp-json\/wp\/v2\/pages\/34\/revisions"}],"predecessor-version":[{"id":1511,"href":"https:\/\/bsselektra.ee\/ru\/wp-json\/wp\/v2\/pages\/34\/revisions\/1511"}],"wp:attachment":[{"href":"https:\/\/bsselektra.ee\/ru\/wp-json\/wp\/v2\/media?parent=34"}],"curies":[{"name":"wp","href":"https:\/\/api.w.org\/{rel}","templated":true}]}}