{"id":66,"date":"2019-05-14T16:27:56","date_gmt":"2019-05-14T16:27:56","guid":{"rendered":"https:\/\/volter.ee\/?page_id=66"},"modified":"2019-07-01T09:39:02","modified_gmt":"2019-07-01T09:39:02","slug":"tehtud-tood","status":"publish","type":"page","link":"https:\/\/bsselektra.ee\/ru\/tehtud-tood\/","title":{"rendered":"\u041d\u0430\u0448\u0438 \u0440\u0430\u0431\u043e\u0442\u044b"},"content":{"rendered":"<p>[et_pb_section fb_built=&#8221;1&#8243; admin_label=&#8221;Recent Work&#8221; _builder_version=&#8221;3.22.3&#8243;][et_pb_row admin_label=&#8221;Service Area&#8221; _builder_version=&#8221;3.25&#8243; locked=&#8221;off&#8221;][et_pb_column type=&#8221;4_4&#8243; _builder_version=&#8221;3.25&#8243; custom_padding=&#8221;|||&#8221; custom_padding__hover=&#8221;|||&#8221;][et_pb_text admin_label=&#8221;Title&#8221; _builder_version=&#8221;3.25.3&#8243; text_font=&#8221;||||||||&#8221; quote_font=&#8221;||||||||&#8221; header_font=&#8221;Poppins|700||on|||||&#8221; header_text_color=&#8221;rgba(0,0,0,0.7)&#8221; header_font_size=&#8221;60px&#8221; header_text_shadow_style=&#8221;preset1&#8243; header_text_shadow_color=&#8221;rgba(0,0,0,0.22)&#8221; header_2_font=&#8221;Bungee||||||||&#8221; header_2_font_size=&#8221;48px&#8221; header_2_line_height=&#8221;1.4em&#8221; border_color_all=&#8221;#ff5400&#8243; custom_margin=&#8221;|||-40px&#8221; custom_margin_phone=&#8221;|||0px&#8221; custom_margin_last_edited=&#8221;on|phone&#8221; custom_padding=&#8221;|||30px&#8221; animation_style=&#8221;fold&#8221; animation_direction=&#8221;left&#8221; animation_intensity_fold=&#8221;5%&#8221; animation_starting_opacity=&#8221;100%&#8221; header_2_font_size_tablet=&#8221;30px&#8221; header_2_font_size_last_edited=&#8221;on|tablet&#8221;]<\/p>\n<h1>tehtud t\u00f6\u00f6d<\/h1>\n<p>[\/et_pb_text][\/et_pb_column][\/et_pb_row][et_pb_row _builder_version=&#8221;3.25&#8243;][et_pb_column type=&#8221;4_4&#8243; _builder_version=&#8221;3.25&#8243; custom_padding=&#8221;|||&#8221; custom_padding__hover=&#8221;|||&#8221;][et_pb_tabs active_tab_background_color=&#8221;#ffffff&#8221; inactive_tab_background_color=&#8221;rgba(0,0,0,0)&#8221; _builder_version=&#8221;3.25.3&#8243; body_font=&#8221;||||||||&#8221; body_text_align=&#8221;left&#8221; body_font_size=&#8221;16px&#8221; body_line_height=&#8221;1.8em&#8221; tab_font=&#8221;Poppins|700||on|||||&#8221; tab_font_size=&#8221;16px&#8221; tab_letter_spacing=&#8221;4px&#8221; tab_line_height=&#8221;2em&#8221; border_width_all=&#8221;0px&#8221; border_color_all=&#8221;rgba(0,0,0,0.72)&#8221; border_width_top=&#8221;10px&#8221; box_shadow_style=&#8221;preset3&#8243; box_shadow_vertical=&#8221;80px&#8221; box_shadow_blur=&#8221;200px&#8221; box_shadow_spread=&#8221;-40px&#8221; custom_padding=&#8221;28px|40px|28px|40px|true|true&#8221; animation_style=&#8221;slide&#8221; animation_direction=&#8221;bottom&#8221; animation_intensity_slide=&#8221;5%&#8221;][et_pb_tab title=&#8221;Objektid&#8221; _builder_version=&#8221;3.25.3&#8243; body_font=&#8221;||||||||&#8221; tab_font=&#8221;||||||||&#8221; background_color=&#8221;rgba(0,0,0,0)&#8221;]<\/p>\n<ul>\n<li><span style=\"font-size: 16px;\">\u00c4mari lennujaama v\u00e4lisvalgustuse ehitus<\/span><\/li>\n<li>Muuga sadama Coal Terminal raudtee v\u00e4lisvalgustuse ehitus<\/li>\n<li>Aruk\u00fcla 330\/110\/20\/10kV alajaama 10kV jaotusseadme hoone maanduspaigaldise ehitus<\/li>\n<li>Iru 110\/10 kV alajaama 10 kV jaotusseadme laiendusfiidrite montaa\u017e<\/li>\n<li>Harku valla v\u00e4lisavalgustuse ehitus<\/li>\n<li>Tallinna, Muuga, Paldiski sadamate ning Vanasadama t\u00e4navavalgustuse ehitus<\/li>\n<li>Ahtme AJ m\u00f5ttetrafode vahetus<\/li>\n<li>ABB AS EMF 1 AJ 10kV seadmete vahetus<\/li>\n<li>ABB AS <em>One Compuse<\/em> territooriumil keskpinge kaablite paigaldust\u00f6\u00f6d<\/li>\n<li>Elektrilevi O\u00dc Kose AJ 10 kV-osa rekonstrueerimine<\/li>\n<li>ABB AS Peaalajaama keskpingeseadmete montaa\u017e<\/li>\n<li>ABB AS EMF valgustuse AJ\u00a0ehitus<\/li>\n<li>Paljassaare sadama AJ-4 ja AJ-9 kondensaatoriseadmete vahetus<\/li>\n<li>Vanasadama AJ-C ja AJ-9 kondensaatoriseadmete montaa\u017e<\/li>\n<li>Silber Auto AS v\u00e4lisvalgustuse renoveerimine<\/li>\n<li>Muuga sadama AJ-15 10kV seadmestiku vahetuse projekteerimine ja ehitamine<\/li>\n<li>Muuga sadama Koorma tn. t\u00e4navavalgustuse projekteerimine ja ehitus<\/li>\n<li>Muuga sadama kaidel 5, 6, 8, 9, 10 asuvate laevakilpide <span style=\"font-size: 16px;\">taastusremont\u00a0 \u00a0 \u00a0 \u00a0 \u00a0 \u00a0<\/span><\/li>\n<li>Muuga sadama \u00d5li tn. valgustuse projekteerimine ja ehitamine<\/li>\n<li>ABB Tehase EMF testv\u00e4ljaku keskpingeseade \u00fcmberehitus\u00a0 ja montaa\u017e<\/li>\n<li>Muuga sadama AJ 16 jaotla rekonstrueerimine<\/li>\n<li>Muuga sadama JP-1 10kV jaotla \u00f5lil\u00fclitite remont koos trafo\u00f5li vahetamisega<\/li>\n<li>Optimera Estonia AS territooriumi elektrivarustus, kaablite ja kaablitorude paigaldus<\/li>\n<li>Muuga sadama Laokompleksi Bulk &amp; Tank O\u00dc 0,4kV kaabliliinide projekteerimine ja ehitamine<\/li>\n<li>Muuga sadama kaidel 5, 6 ja 6a kraanaelektrikilpide renoveerimine ( 8 tk. )<\/li>\n<li>Muuga sadama kai 1A, 6A, 15 ja 16 kepslite paigaldus<\/li>\n<li>Muuga sadama kai nr 1A paali valgustuse ehitamine<\/li>\n<\/ul>\n<p>[\/et_pb_tab][\/et_pb_tabs][\/et_pb_column][\/et_pb_row][\/et_pb_section][et_pb_section fb_built=&#8221;1&#8243; admin_label=&#8221;Footer Section&#8221; _builder_version=&#8221;3.22.7&#8243; use_background_color_gradient=&#8221;on&#8221; background_color_gradient_start=&#8221;rgba(20,61,88,0.65)&#8221; background_color_gradient_end=&#8221;#143d58&#8243; background_color_gradient_overlays_image=&#8221;on&#8221; background_image=&#8221;https:\/\/bsselektra.ee\/wp-content\/uploads\/2019\/05\/casey-horner-574709-unsplash.jpg&#8221; parallax=&#8221;on&#8221; custom_margin=&#8221;-40px|||||&#8221; custom_padding=&#8221;4vw|0px|4vw|0px|true|&#8221; bottom_divider_style=&#8221;mountains2&#8243; bottom_divider_color=&#8221;rgba(5,41,66,0.3)&#8221; bottom_divider_height=&#8221;50%&#8221; animation_style=&#8221;slide&#8221; animation_direction=&#8221;bottom&#8221; animation_intensity_slide=&#8221;6%&#8221; animation_starting_opacity=&#8221;100%&#8221; saved_tabs=&#8221;all&#8221;][et_pb_row column_structure=&#8221;1_2,1_2&#8243; custom_padding=&#8221;|||&#8221; custom_margin=&#8221;70px|auto||auto||&#8221; admin_label=&#8221;CTA Row&#8221; _builder_version=&#8221;3.25&#8243; background_color=&#8221;rgba(0,85,155,0.61)&#8221; box_shadow_style=&#8221;preset6&#8243; filter_opacity=&#8221;70%&#8221; mix_blend_mode=&#8221;lighten&#8221;][et_pb_column type=&#8221;1_2&#8243; _builder_version=&#8221;3.25&#8243; custom_padding=&#8221;|||&#8221; custom_padding__hover=&#8221;|||&#8221;][et_pb_blurb title=&#8221;BSS ELEKTRA O\u00dc&#8221; image=&#8221;https:\/\/bsselektra.ee\/wp-content\/uploads\/2019\/05\/stars-5.png&#8221; admin_label=&#8221;CTA&#8221; _builder_version=&#8221;3.25.3&#8243; header_font=&#8221;Montserrat||||||||&#8221; header_text_color=&#8221;#ffffff&#8221; header_font_size=&#8221;26px&#8221; header_line_height=&#8221;1.5em&#8221; header_text_shadow_style=&#8221;preset5&#8243; body_font=&#8221;Montserrat||||||||&#8221; body_text_align=&#8221;center&#8221; body_font_size=&#8221;24px&#8221; border_radii=&#8221;on|15px|15px|15px|15px&#8221; border_color_all=&#8221;#ffffff&#8221; border_color_all_image=&#8221;#e09900&#8243; text_orientation=&#8221;center&#8221; custom_margin=&#8221;70px||&#8221; custom_padding=&#8221;0px||&#8221; filter_brightness=&#8221;200%&#8221; filter_contrast=&#8221;101%&#8221; mix_blend_mode=&#8221;soft-light&#8221; child_filter_saturate=&#8221;200%&#8221; child_filter_brightness=&#8221;62%&#8221; animation=&#8221;off&#8221;]<\/p>\n<p>Reg. nr.\u00a0<span>10753522<\/span><\/p>\n<p><span><\/span><\/p>\n<p><span><\/span><\/p>\n<p><span><\/span><\/p>\n<p>V\u00f5tke meiega \u00fchendust:<\/p>\n<p><a href=\"mailto:firma@bsselektra.ee\">firma@bsselektra.ee<\/a><\/p>\n<p>Tel. +375 5030064<\/p>\n<p>[\/et_pb_blurb][\/et_pb_column][et_pb_column type=&#8221;1_2&#8243; _builder_version=&#8221;3.25&#8243; custom_padding=&#8221;|||&#8221; custom_padding__hover=&#8221;|||&#8221;][et_pb_code module_id=&#8221;Form&#8221; _builder_version=&#8221;3.25.3&#8243; background_color=&#8221;rgba(255,255,255,0)&#8221; use_background_color_gradient=&#8221;on&#8221; background_color_gradient_start=&#8221;#ffffff&#8221; background_color_gradient_end=&#8221;#ffffff&#8221; transform_scale=&#8221;98%|98%&#8221; text_orientation=&#8221;center&#8221; width=&#8221;100%&#8221; min_height=&#8221;492px&#8221; custom_margin=&#8221;|||-40px&#8221; custom_padding=&#8221;40px|0px|40px||true&#8221;]\n<div class=\"wpcf7 no-js\" id=\"wpcf7-f899-o1\" lang=\"ru-RU\" dir=\"ltr\" data-wpcf7-id=\"899\">\n<div class=\"screen-reader-response\"><p role=\"status\" aria-live=\"polite\" aria-atomic=\"true\"><\/p> <ul><\/ul><\/div>\n<form action=\"\/ru\/wp-json\/wp\/v2\/pages\/66#wpcf7-f899-o1\" method=\"post\" class=\"wpcf7-form init\" aria-label=\"\u041a\u043e\u043d\u0442\u0430\u043a\u0442\u043d\u0430\u044f \u0444\u043e\u0440\u043c\u0430\" novalidate=\"novalidate\" data-status=\"init\">\n<fieldset class=\"hidden-fields-container\"><input type=\"hidden\" name=\"_wpcf7\" value=\"899\" \/><input type=\"hidden\" name=\"_wpcf7_version\" value=\"6.1.5\" \/><input type=\"hidden\" name=\"_wpcf7_locale\" value=\"ru_RU\" \/><input type=\"hidden\" name=\"_wpcf7_unit_tag\" value=\"wpcf7-f899-o1\" \/><input type=\"hidden\" name=\"_wpcf7_container_post\" value=\"0\" \/><input type=\"hidden\" name=\"_wpcf7_posted_data_hash\" value=\"\" \/><input type=\"hidden\" name=\"_wpcf7_recaptcha_response\" value=\"\" \/>\n<\/fieldset>\n<p><label> Teie nimi (kohustuslik)<br \/>\n<span class=\"wpcf7-form-control-wrap\" data-name=\"your-name\"><input size=\"40\" maxlength=\"400\" class=\"wpcf7-form-control wpcf7-text wpcf7-validates-as-required\" aria-required=\"true\" aria-invalid=\"false\" value=\"\" type=\"text\" name=\"your-name\" \/><\/span> <\/label>\n<\/p>\n<p><label> Teie e-mail (kohustuslik)<br \/>\n<span class=\"wpcf7-form-control-wrap\" data-name=\"your-email\"><input size=\"40\" maxlength=\"400\" class=\"wpcf7-form-control wpcf7-email wpcf7-validates-as-required wpcf7-text wpcf7-validates-as-email\" aria-required=\"true\" aria-invalid=\"false\" value=\"\" type=\"email\" name=\"your-email\" \/><\/span> <\/label>\n<\/p>\n<p><label> Teema<br \/>\n<span class=\"wpcf7-form-control-wrap\" data-name=\"your-subject\"><input size=\"40\" maxlength=\"400\" class=\"wpcf7-form-control wpcf7-text\" aria-invalid=\"false\" value=\"\" type=\"text\" name=\"your-subject\" \/><\/span> <\/label>\n<\/p>\n<p><label> S\u00f5num<br \/>\n<span class=\"wpcf7-form-control-wrap\" data-name=\"your-message\"><textarea cols=\"40\" rows=\"10\" maxlength=\"2000\" class=\"wpcf7-form-control wpcf7-textarea\" aria-invalid=\"false\" name=\"your-message\"><\/textarea><\/span> <\/label>\n<\/p>\n<p><span class=\"wpcf7-form-control-wrap\" data-name=\"acceptance-310\"><span class=\"wpcf7-form-control wpcf7-acceptance\"><span class=\"wpcf7-list-item\"><label><input type=\"checkbox\" name=\"acceptance-310\" value=\"1\" aria-invalid=\"false\" \/><span class=\"wpcf7-list-item-label\">N\u00f5ustun <a href=\"\/privaatsustingimused\" target=\"_blank\">privaatsustingimustega<\/a><\/span><\/label><\/span><\/span><\/span>\n<\/p>\n<p><input class=\"wpcf7-form-control wpcf7-submit has-spinner\" type=\"submit\" value=\"Saada\" \/>\n<\/p>\n<p><input type=\"hidden\" name=\"_wpcf7_captcha_challenge_captcha-1\" value=\"1892811043\" \/><img loading=\"lazy\" decoding=\"async\" class=\"wpcf7-form-control wpcf7-captchac wpcf7-captcha-captcha-1\" width=\"72\" height=\"24\" alt=\"captcha\" src=\"https:\/\/bsselektra.ee\/wp-content\/uploads\/wpcf7_captcha\/1892811043.png\" \/><span class=\"wpcf7-form-control-wrap\" data-name=\"captcha-1\"><input size=\"40\" class=\"wpcf7-form-control wpcf7-captchar\" autocomplete=\"off\" aria-invalid=\"false\" value=\"\" type=\"text\" name=\"captcha-1\" \/><\/span>\n<\/p><div class=\"wpcf7-response-output\" aria-hidden=\"true\"><\/div>\n<\/form>\n<\/div>\n[\/et_pb_code][\/et_pb_column][\/et_pb_row][\/et_pb_section]<\/p>\n","protected":false},"excerpt":{"rendered":"<p>[et_pb_section fb_built=&#8221;1&#8243; admin_label=&#8221;Recent Work&#8221; _builder_version=&#8221;3.22.3&#8243;][et_pb_row admin_label=&#8221;Service Area&#8221; _builder_version=&#8221;3.25&#8243; locked=&#8221;off&#8221;][et_pb_column type=&#8221;4_4&#8243; _builder_version=&#8221;3.25&#8243; custom_padding=&#8221;|||&#8221; custom_padding__hover=&#8221;|||&#8221;][et_pb_text admin_label=&#8221;Title&#8221; _builder_version=&#8221;3.25.3&#8243; text_font=&#8221;||||||||&#8221; quote_font=&#8221;||||||||&#8221; header_font=&#8221;Poppins|700||on|||||&#8221; header_text_color=&#8221;rgba(0,0,0,0.7)&#8221; header_font_size=&#8221;60px&#8221; header_text_shadow_style=&#8221;preset1&#8243; header_text_shadow_color=&#8221;rgba(0,0,0,0.22)&#8221; header_2_font=&#8221;Bungee||||||||&#8221; header_2_font_size=&#8221;48px&#8221; header_2_line_height=&#8221;1.4em&#8221; border_color_all=&#8221;#ff5400&#8243; custom_margin=&#8221;|||-40px&#8221; custom_margin_phone=&#8221;|||0px&#8221; custom_margin_last_edited=&#8221;on|phone&#8221; custom_padding=&#8221;|||30px&#8221; animation_style=&#8221;fold&#8221; animation_direction=&#8221;left&#8221; animation_intensity_fold=&#8221;5%&#8221; animation_starting_opacity=&#8221;100%&#8221; header_2_font_size_tablet=&#8221;30px&#8221; header_2_font_size_last_edited=&#8221;on|tablet&#8221;] tehtud t\u00f6\u00f6d [\/et_pb_text][\/et_pb_column][\/et_pb_row][et_pb_row _builder_version=&#8221;3.25&#8243;][et_pb_column type=&#8221;4_4&#8243; _builder_version=&#8221;3.25&#8243; custom_padding=&#8221;|||&#8221; custom_padding__hover=&#8221;|||&#8221;][et_pb_tabs active_tab_background_color=&#8221;#ffffff&#8221; inactive_tab_background_color=&#8221;rgba(0,0,0,0)&#8221; _builder_version=&#8221;3.25.3&#8243; body_font=&#8221;||||||||&#8221; body_text_align=&#8221;left&#8221; body_font_size=&#8221;16px&#8221; body_line_height=&#8221;1.8em&#8221; tab_font=&#8221;Poppins|700||on|||||&#8221; tab_font_size=&#8221;16px&#8221; tab_letter_spacing=&#8221;4px&#8221; tab_line_height=&#8221;2em&#8221; [&hellip;]<\/p>\n","protected":false},"author":2,"featured_media":0,"parent":0,"menu_order":0,"comment_status":"closed","ping_status":"closed","template":"","meta":{"_et_pb_use_builder":"on","_et_pb_old_content":"","_exactmetrics_skip_tracking":false,"_exactmetrics_sitenote_active":false,"_exactmetrics_sitenote_note":"","_exactmetrics_sitenote_category":0,"footnotes":""},"class_list":["post-66","page","type-page","status-publish","hentry"],"_links":{"self":[{"href":"https:\/\/bsselektra.ee\/ru\/wp-json\/wp\/v2\/pages\/66","targetHints":{"allow":["GET"]}}],"collection":[{"href":"https:\/\/bsselektra.ee\/ru\/wp-json\/wp\/v2\/pages"}],"about":[{"href":"https:\/\/bsselektra.ee\/ru\/wp-json\/wp\/v2\/types\/page"}],"author":[{"embeddable":true,"href":"https:\/\/bsselektra.ee\/ru\/wp-json\/wp\/v2\/users\/2"}],"replies":[{"embeddable":true,"href":"https:\/\/bsselektra.ee\/ru\/wp-json\/wp\/v2\/comments?post=66"}],"version-history":[{"count":18,"href":"https:\/\/bsselektra.ee\/ru\/wp-json\/wp\/v2\/pages\/66\/revisions"}],"predecessor-version":[{"id":1500,"href":"https:\/\/bsselektra.ee\/ru\/wp-json\/wp\/v2\/pages\/66\/revisions\/1500"}],"wp:attachment":[{"href":"https:\/\/bsselektra.ee\/ru\/wp-json\/wp\/v2\/media?parent=66"}],"curies":[{"name":"wp","href":"https:\/\/api.w.org\/{rel}","templated":true}]}}